{"id":68,"date":"2023-12-21T17:50:44","date_gmt":"2023-12-21T17:50:44","guid":{"rendered":"https:\/\/www.space-2-work.de\/?page_id=68"},"modified":"2024-05-10T15:06:18","modified_gmt":"2024-05-10T15:06:18","slug":"startseite","status":"publish","type":"page","link":"https:\/\/www.space-2-work.de\/","title":{"rendered":"Start"},"content":{"rendered":"\n<p>COWORKING IN KARLSKRON<\/p>\n\n\n\n<p>Schreibtische und R\u00e4ume auf Zeit mieten<\/p>\n\n\n\n<p><\/p>\n\n\n\n<p>Du suchst einen sch\u00f6nen Ort zum Arbeiten, an dem Du in Gemeinschaft kreativ und produktiv sein kannst?<\/p>\n\n\n\n<p>Du suchst einen Raum, in dem Du Workshops und Events gestalten kannst?<\/p>\n\n\n\n<p>Oder suchst Du einen Platz, an dem Du Netzwerken und Gleichgesinnte treffen kannst?<\/p>\n\n\n\n<p>In den R\u00e4umen von space2work findest Du Arbeitspl\u00e4tze und R\u00e4ume, die Du flexibel nach Deinem Bedarf buchen kannst.<\/p>\n","protected":false},"excerpt":{"rendered":"<p>COWORKING IN KARLSKRON Schreibtische und R\u00e4ume auf Zeit mieten Du suchst einen sch\u00f6nen Ort zum Arbeiten, an dem Du in Gemeinschaft kreativ und produktiv sein kannst? Du suchst einen Raum, in dem Du Workshops und Events gestalten kannst? Oder suchst Du einen Platz, an dem Du Netzwerken und Gleichgesinnte treffen kannst? In den R\u00e4umen von &hellip; <\/p>\n<p class=\"link-more\"><a href=\"https:\/\/www.space-2-work.de\/\" class=\"more-link\"><span class=\"screen-reader-text\">\u201eStart\u201c<\/span> weiterlesen<\/a><\/p>\n","protected":false},"author":2,"featured_media":0,"parent":0,"menu_order":0,"comment_status":"closed","ping_status":"closed","template":"","meta":{"footnotes":""},"class_list":["post-68","page","type-page","status-publish","hentry"],"yoast_head":"<!-- This site is optimized with the Yoast SEO plugin v21.7 - https:\/\/yoast.com\/wordpress\/plugins\/seo\/ -->\n<title>Start - Space2Work<\/title>\n<meta name=\"robots\" content=\"index, follow, max-snippet:-1, max-image-preview:large, max-video-preview:-1\" \/>\n<link rel=\"canonical\" href=\"https:\/\/www.space-2-work.de\/\" \/>\n<meta property=\"og:locale\" content=\"de_DE\" \/>\n<meta property=\"og:type\" content=\"article\" \/>\n<meta property=\"og:title\" content=\"Start - Space2Work\" \/>\n<meta property=\"og:description\" content=\"COWORKING IN KARLSKRON Schreibtische und R\u00e4ume auf Zeit mieten Du suchst einen sch\u00f6nen Ort zum Arbeiten, an dem Du in Gemeinschaft kreativ und produktiv sein kannst? Du suchst einen Raum, in dem Du Workshops und Events gestalten kannst? Oder suchst Du einen Platz, an dem Du Netzwerken und Gleichgesinnte treffen kannst? In den R\u00e4umen von &hellip; \u201eStart\u201c weiterlesen\" \/>\n<meta property=\"og:url\" content=\"https:\/\/www.space-2-work.de\/\" \/>\n<meta property=\"og:site_name\" content=\"Space2Work\" \/>\n<meta property=\"article:modified_time\" content=\"2024-05-10T15:06:18+00:00\" \/>\n<meta name=\"twitter:card\" content=\"summary_large_image\" \/>\n<meta name=\"twitter:label1\" content=\"Gesch\u00e4tzte Lesezeit\" \/>\n\t<meta name=\"twitter:data1\" content=\"1\u00a0Minute\" \/>\n<script type=\"application\/ld+json\" class=\"yoast-schema-graph\">{\"@context\":\"https:\/\/schema.org\",\"@graph\":[{\"@type\":\"WebPage\",\"@id\":\"https:\/\/www.space-2-work.de\/\",\"url\":\"https:\/\/www.space-2-work.de\/\",\"name\":\"Start - Space2Work\",\"isPartOf\":{\"@id\":\"https:\/\/www.space-2-work.de\/#website\"},\"datePublished\":\"2023-12-21T17:50:44+00:00\",\"dateModified\":\"2024-05-10T15:06:18+00:00\",\"breadcrumb\":{\"@id\":\"https:\/\/www.space-2-work.de\/#breadcrumb\"},\"inLanguage\":\"de\",\"potentialAction\":[{\"@type\":\"ReadAction\",\"target\":[\"https:\/\/www.space-2-work.de\/\"]}]},{\"@type\":\"BreadcrumbList\",\"@id\":\"https:\/\/www.space-2-work.de\/#breadcrumb\",\"itemListElement\":[{\"@type\":\"ListItem\",\"position\":1,\"name\":\"Home\",\"item\":\"https:\/\/www.space-2-work.de\/\"},{\"@type\":\"ListItem\",\"position\":2,\"name\":\"Start\"}]},{\"@type\":\"WebSite\",\"@id\":\"https:\/\/www.space-2-work.de\/#website\",\"url\":\"https:\/\/www.space-2-work.de\/\",\"name\":\"Space2Work\",\"description\":\"coworking I events I networking\",\"potentialAction\":[{\"@type\":\"SearchAction\",\"target\":{\"@type\":\"EntryPoint\",\"urlTemplate\":\"https:\/\/www.space-2-work.de\/?s={search_term_string}\"},\"query-input\":\"required name=search_term_string\"}],\"inLanguage\":\"de\"}]}<\/script>\n<!-- \/ Yoast SEO plugin. -->","yoast_head_json":{"title":"Start - Space2Work","robots":{"index":"index","follow":"follow","max-snippet":"max-snippet:-1","max-image-preview":"max-image-preview:large","max-video-preview":"max-video-preview:-1"},"canonical":"https:\/\/www.space-2-work.de\/","og_locale":"de_DE","og_type":"article","og_title":"Start - Space2Work","og_description":"COWORKING IN KARLSKRON Schreibtische und R\u00e4ume auf Zeit mieten Du suchst einen sch\u00f6nen Ort zum Arbeiten, an dem Du in Gemeinschaft kreativ und produktiv sein kannst? Du suchst einen Raum, in dem Du Workshops und Events gestalten kannst? Oder suchst Du einen Platz, an dem Du Netzwerken und Gleichgesinnte treffen kannst? In den R\u00e4umen von &hellip; \u201eStart\u201c weiterlesen","og_url":"https:\/\/www.space-2-work.de\/","og_site_name":"Space2Work","article_modified_time":"2024-05-10T15:06:18+00:00","twitter_card":"summary_large_image","twitter_misc":{"Gesch\u00e4tzte Lesezeit":"1\u00a0Minute"},"schema":{"@context":"https:\/\/schema.org","@graph":[{"@type":"WebPage","@id":"https:\/\/www.space-2-work.de\/","url":"https:\/\/www.space-2-work.de\/","name":"Start - Space2Work","isPartOf":{"@id":"https:\/\/www.space-2-work.de\/#website"},"datePublished":"2023-12-21T17:50:44+00:00","dateModified":"2024-05-10T15:06:18+00:00","breadcrumb":{"@id":"https:\/\/www.space-2-work.de\/#breadcrumb"},"inLanguage":"de","potentialAction":[{"@type":"ReadAction","target":["https:\/\/www.space-2-work.de\/"]}]},{"@type":"BreadcrumbList","@id":"https:\/\/www.space-2-work.de\/#breadcrumb","itemListElement":[{"@type":"ListItem","position":1,"name":"Home","item":"https:\/\/www.space-2-work.de\/"},{"@type":"ListItem","position":2,"name":"Start"}]},{"@type":"WebSite","@id":"https:\/\/www.space-2-work.de\/#website","url":"https:\/\/www.space-2-work.de\/","name":"Space2Work","description":"coworking I events I networking","potentialAction":[{"@type":"SearchAction","target":{"@type":"EntryPoint","urlTemplate":"https:\/\/www.space-2-work.de\/?s={search_term_string}"},"query-input":"required name=search_term_string"}],"inLanguage":"de"}]}},"_links":{"self":[{"href":"https:\/\/www.space-2-work.de\/index.php?rest_route=\/wp\/v2\/pages\/68","targetHints":{"allow":["GET"]}}],"collection":[{"href":"https:\/\/www.space-2-work.de\/index.php?rest_route=\/wp\/v2\/pages"}],"about":[{"href":"https:\/\/www.space-2-work.de\/index.php?rest_route=\/wp\/v2\/types\/page"}],"author":[{"embeddable":true,"href":"https:\/\/www.space-2-work.de\/index.php?rest_route=\/wp\/v2\/users\/2"}],"replies":[{"embeddable":true,"href":"https:\/\/www.space-2-work.de\/index.php?rest_route=%2Fwp%2Fv2%2Fcomments&post=68"}],"version-history":[{"count":12,"href":"https:\/\/www.space-2-work.de\/index.php?rest_route=\/wp\/v2\/pages\/68\/revisions"}],"predecessor-version":[{"id":187,"href":"https:\/\/www.space-2-work.de\/index.php?rest_route=\/wp\/v2\/pages\/68\/revisions\/187"}],"wp:attachment":[{"href":"https:\/\/www.space-2-work.de\/index.php?rest_route=%2Fwp%2Fv2%2Fmedia&parent=68"}],"curies":[{"name":"wp","href":"https:\/\/api.w.org\/{rel}","templated":true}]}}